{"id":7,"date":"2022-01-18T16:22:03","date_gmt":"2022-01-18T15:22:03","guid":{"rendered":"http:\/\/ag.ajp.be\/?page_id=7"},"modified":"2023-03-21T13:55:11","modified_gmt":"2023-03-21T12:55:11","slug":"home","status":"publish","type":"page","link":"https:\/\/ag.ajp.be\/","title":{"rendered":"Home"},"content":{"rendered":"<p>[vc_row full_width=\u00a0\u00bbstretch_row_content_no_spaces\u00a0\u00bb bg_type=\u00a0\u00bbimage\u00a0\u00bb parallax_style=\u00a0\u00bbvcpb-default\u00a0\u00bb bg_image_new=\u00a0\u00bbid^8|url^http:\/\/localhost\/ajp_sites\/ajpbe\/wp-content\/uploads\/2021\/12\/Exclusive-public-interview-of-man-talking-to-microphone-1-scaled.jpg|caption^Exclusive public interview of man talking to microphone. Hands of reporters holding mics, recording opinion or comments flat vector illustration. television, mass media interview, journalism concept|alt^null|title^Exclusive public interview of man talking to microphone|description^null\u00a0\u00bb bg_image_repeat=\u00a0\u00bbno-repeat\u00a0\u00bb bg_image_posiiton=\u00a0\u00bb-5%\u00a0\u00bb css=\u00a0\u00bb.vc_custom_1642543034121{border-bottom-width: 3px !important;background: #00bdf4 url(http:\/\/ag.ajp.be\/wp-content\/uploads\/2022\/01\/4391544ac7c043aaaaeb.jpg?id=26) !important;background-position: center !important;background-repeat: no-repeat !important;background-size: contain !important;border-bottom-color: #1e73be !important;border-bottom-style: solid !important;}\u00a0\u00bb][vc_column width=\u00a0\u00bb1\/6&Prime;][\/vc_column][vc_column width=\u00a0\u00bb2\/3&Prime;][vc_empty_space height=\u00a0\u00bb350&Prime;][\/vc_column][vc_column width=\u00a0\u00bb1\/6&Prime;][\/vc_column][\/vc_row][vc_row][vc_column][vc_row_inner css=\u00a0\u00bb.vc_custom_1641152734223{margin-top: -65px !important;}\u00a0\u00bb][vc_column_inner width=\u00a0\u00bb1\/5&Prime;][\/vc_column_inner][vc_column_inner width=\u00a0\u00bb1\/5&Prime;][\/vc_column_inner][vc_column_inner width=\u00a0\u00bb1\/5&Prime; css=\u00a0\u00bb.vc_custom_1642539890864{border-top-width: 3px !important;border-right-width: 3px !important;border-bottom-width: 3px !important;border-left-width: 3px !important;padding-top: 0px !important;background-color: #ffffff !important;border-left-color: #218ece !important;border-left-style: solid !important;border-right-color: #218ece !important;border-right-style: solid !important;border-top-color: #218ece !important;border-top-style: solid !important;border-bottom-color: #218ece !important;border-bottom-style: solid !important;}\u00a0\u00bb][vc_column_text css=\u00a0\u00bb.vc_custom_1642538177787{margin-bottom: 0px !important;}\u00a0\u00bb]<\/p>\n<h3 style=\"text-align: center; margin: 0;\">Rapports d&rsquo;activit\u00e9s<\/h3>\n<h4 style=\"text-align: center;\">de l&rsquo;Association des Journalistes Professionnels (AJP)<\/h4>\n<p>[\/vc_column_text][\/vc_column_inner][vc_column_inner width=\u00a0\u00bb1\/5&Prime;][\/vc_column_inner][vc_column_inner width=\u00a0\u00bb1\/5&Prime;][\/vc_column_inner][\/vc_row_inner][\/vc_column][\/vc_row][vc_row full_width=\u00a0\u00bbstretch_row_content_no_spaces\u00a0\u00bb bg_type=\u00a0\u00bbimage\u00a0\u00bb parallax_style=\u00a0\u00bbvcpb-default\u00a0\u00bb bg_image_new=\u00a0\u00bbid^8|url^http:\/\/localhost\/ajp_sites\/ajpbe\/wp-content\/uploads\/2021\/12\/Exclusive-public-interview-of-man-talking-to-microphone-1-scaled.jpg|caption^Exclusive public interview of man talking to microphone. Hands of reporters holding mics, recording opinion or comments flat vector illustration. television, mass media interview, journalism concept|alt^null|title^Exclusive public interview of man talking to microphone|description^null\u00a0\u00bb bg_image_repeat=\u00a0\u00bbno-repeat\u00a0\u00bb bg_image_posiiton=\u00a0\u00bb-5%\u00a0\u00bb css=\u00a0\u00bb.vc_custom_1642541123226{background-position: center !important;background-repeat: no-repeat !important;background-size: contain !important;}\u00a0\u00bb][vc_column width=\u00a0\u00bb1\/6&Prime;][\/vc_column][vc_column width=\u00a0\u00bb2\/3&Prime;][vc_column_text]<\/p>\n<h4 style=\"text-align: center;\">L\u2019AJP met en ligne depuis 2015 ses rapports d\u2019activit\u00e9s. Ils reviennent sur les budgets et d\u00e9penses de l\u2019Union. Ils font \u00e9tat des projets et actions men\u00e9es durant l\u2019ann\u00e9e \u00e9coul\u00e9e.<\/h4>\n<p>[\/vc_column_text][\/vc_column][vc_column width=\u00a0\u00bb1\/6&Prime;][\/vc_column][\/vc_row][vc_row gap=\u00a0\u00bb10&Prime; css=\u00a0\u00bb.vc_custom_1642541156335{margin-top: 35px !important;}\u00a0\u00bb][vc_column width=\u00a0\u00bb1\/6&Prime;][\/vc_column][vc_column width=\u00a0\u00bb1\/6&Prime; css=\u00a0\u00bb.vc_custom_1676981104751{border-top-width: 4px !important;border-right-width: 4px !important;border-bottom-width: 4px !important;border-left-width: 4px !important;background-image: url(http:\/\/ag.ajp.be\/wp-content\/uploads\/2023\/02\/cover-agenda-2023-e1676970525370.png?id=149) !important;background-position: center !important;background-repeat: no-repeat !important;background-size: cover !important;border-left-color: #218ece !important;border-left-style: solid !important;border-right-color: #218ece !important;border-right-style: solid !important;border-top-color: #218ece !important;border-top-style: solid !important;border-bottom-color: #218ece !important;border-bottom-style: solid !important;}\u00a0\u00bb][vc_column_text css=\u00a0\u00bb.vc_custom_1679403308802{margin-top: 84px !important;margin-bottom: 84px !important;background-color: rgba(255,255,255,0.7) !important;*background-color: rgb(255,255,255) !important;}\u00a0\u00bb]<\/p>\n<h4 style=\"text-align: center; font-size: 3vw; border-bottom: 1px solid #48606c; border-top: 1px solid #48606c;\"><a href=\"https:\/\/ag.ajp.be\/index.php\/rapport-2022\/\">2022<\/a><\/h4>\n<p>[\/vc_column_text][\/vc_column][vc_column width=\u00a0\u00bb1\/6&Prime; css=\u00a0\u00bb.vc_custom_1643724834010{border-top-width: 4px !important;border-right-width: 4px !important;border-bottom-width: 4px !important;border-left-width: 4px !important;background-image: url(http:\/\/ag.ajp.be\/wp-content\/uploads\/2022\/01\/video-harcelement.png?id=28) !important;background-position: center !important;background-repeat: no-repeat !important;background-size: cover !important;border-left-color: #218ece !important;border-left-style: solid !important;border-right-color: #218ece !important;border-right-style: solid !important;border-top-color: #218ece !important;border-top-style: solid !important;border-bottom-color: #218ece !important;border-bottom-style: solid !important;}\u00a0\u00bb][vc_column_text css=\u00a0\u00bb.vc_custom_1643724811690{margin-top: 84px !important;margin-bottom: 84px !important;background-color: rgba(255,255,255,0.7) !important;*background-color: rgb(255,255,255) !important;}\u00a0\u00bb]<\/p>\n<h4 style=\"text-align: center; font-size: 3vw; border-bottom: 1px solid #f34b18ab; border-top: 1px solid #f34b18ab;\"><a href=\"http:\/\/ag.ajp.be\/index.php\/rapport-2021\/\">2021<\/a><\/h4>\n<p>[\/vc_column_text][\/vc_column][vc_column width=\u00a0\u00bb1\/6&Prime; css=\u00a0\u00bb.vc_custom_1643726763224{border-top-width: 4px !important;border-right-width: 4px !important;border-bottom-width: 4px !important;border-left-width: 4px !important;background-image: url(http:\/\/ag.ajp.be\/wp-content\/uploads\/2022\/02\/illustration-concept-bosse-coude_114360-6440.jpg?id=65) !important;background-position: center !important;background-repeat: no-repeat !important;background-size: cover !important;border-left-color: #218ece !important;border-left-style: solid !important;border-right-color: #218ece !important;border-right-style: solid !important;border-top-color: #218ece !important;border-top-style: solid !important;border-bottom-color: #218ece !important;border-bottom-style: solid !important;}\u00a0\u00bb][vc_column_text css=\u00a0\u00bb.vc_custom_1643726003433{margin-top: 84px !important;margin-bottom: 84px !important;background-color: rgba(255,255,255,0.7) !important;*background-color: rgb(255,255,255) !important;}\u00a0\u00bb]<\/p>\n<h4 style=\"text-align: center; font-size: 3vw; border-bottom: 1px solid #58e5a8; border-top: 1px solid #58e5a8;\"><a href=\"http:\/\/ag2021.ajp.be\/\">2020<\/a><\/h4>\n<p>[\/vc_column_text][\/vc_column][vc_column width=\u00a0\u00bb1\/6&Prime; css=\u00a0\u00bb.vc_custom_1643727932048{border-top-width: 4px !important;border-right-width: 4px !important;border-bottom-width: 4px !important;border-left-width: 4px !important;background-image: url(http:\/\/ag.ajp.be\/wp-content\/uploads\/2022\/02\/2011.i126.027.famous-scientist-darwin-scaled.jpg?id=69) !important;background-position: center !important;background-repeat: no-repeat !important;background-size: cover !important;border-left-color: #218ece !important;border-left-style: solid !important;border-right-color: #218ece !important;border-right-style: solid !important;border-top-color: #218ece !important;border-top-style: solid !important;border-bottom-color: #218ece !important;border-bottom-style: solid !important;}\u00a0\u00bb][vc_column_text css=\u00a0\u00bb.vc_custom_1643726104383{margin-top: 84px !important;margin-bottom: 84px !important;background-color: rgba(255,255,255,0.7) !important;*background-color: rgb(255,255,255) !important;}\u00a0\u00bb]<\/p>\n<h4 style=\"text-align: center; font-size: 3vw; border-bottom: 1px solid; border-top: 1px solid;\"><a href=\"http:\/\/www.ajp.be\/telechargements\/rap-activites\/2019.pdf\">2019<\/a><\/h4>\n<p>[\/vc_column_text][\/vc_column][\/vc_row][vc_row gap=\u00a0\u00bb10&Prime; css=\u00a0\u00bb.vc_custom_1677589251194{margin-top: 10px !important;margin-bottom: 10px !important;}\u00a0\u00bb][vc_column width=\u00a0\u00bb1\/6&Prime;][\/vc_column][vc_column width=\u00a0\u00bb1\/6&Prime; css=\u00a0\u00bb.vc_custom_1676969396645{border-top-width: 4px !important;border-right-width: 4px !important;border-bottom-width: 4px !important;border-left-width: 4px !important;background-image: url(http:\/\/ag.ajp.be\/wp-content\/uploads\/2022\/02\/13012-scaled.jpg?id=73) !important;background-position: center !important;background-repeat: no-repeat !important;background-size: cover !important;border-left-color: #218ece !important;border-left-style: solid !important;border-right-color: #218ece !important;border-right-style: solid !important;border-top-color: #218ece !important;border-top-style: solid !important;border-bottom-color: #218ece !important;border-bottom-style: solid !important;}\u00a0\u00bb][vc_column_text css=\u00a0\u00bb.vc_custom_1645102272165{margin-top: 84px !important;margin-bottom: 84px !important;background-color: rgba(255,255,255,0.7) !important;*background-color: rgb(255,255,255) !important;}\u00a0\u00bb]<\/p>\n<h4 style=\"text-align: center; font-size: 3vw; border-bottom: 1px solid; border-top: 1px solid;\"><a href=\"http:\/\/www.ajp.be\/telechargements\/rap-activites\/2018.pdf\">2018<\/a><\/h4>\n<p>[\/vc_column_text][\/vc_column][vc_column width=\u00a0\u00bb1\/6&Prime; css=\u00a0\u00bb.vc_custom_1643727905964{border-top-width: 4px !important;border-right-width: 4px !important;border-bottom-width: 4px !important;border-left-width: 4px !important;background-image: url(http:\/\/ag.ajp.be\/wp-content\/uploads\/2022\/02\/2012.i126.033_biological_hierarchy_ecosystem-scaled.jpg?id=70) !important;background-position: center !important;background-repeat: no-repeat !important;background-size: cover !important;border-left-color: #218ece !important;border-left-style: solid !important;border-right-color: #218ece !important;border-right-style: solid !important;border-top-color: #218ece !important;border-top-style: solid !important;border-bottom-color: #218ece !important;border-bottom-style: solid !important;}\u00a0\u00bb][vc_column_text css=\u00a0\u00bb.vc_custom_1643726087193{margin-top: 84px !important;margin-bottom: 84px !important;background-color: rgba(255,255,255,0.7) !important;*background-color: rgb(255,255,255) !important;}\u00a0\u00bb]<\/p>\n<h4 style=\"text-align: center; font-size: 3vw; border-bottom: 1px solid; border-top: 1px solid;\"><a href=\"http:\/\/www.ajp.be\/telechargements\/rap-activites\/2017.pdf\">2017<\/a><\/h4>\n<p>[\/vc_column_text][\/vc_column][vc_column width=\u00a0\u00bb1\/6&Prime; css=\u00a0\u00bb.vc_custom_1643727889107{border-top-width: 4px !important;border-right-width: 4px !important;border-bottom-width: 4px !important;border-left-width: 4px !important;padding-right: 0px !important;padding-left: 0px !important;background-image: url(http:\/\/ag.ajp.be\/wp-content\/uploads\/2022\/02\/2111.w023.n001.1460B.p1.1460-scaled.jpg?id=71) !important;background-position: center !important;background-repeat: no-repeat !important;background-size: cover !important;border-left-color: #218ece !important;border-left-style: solid !important;border-right-color: #218ece !important;border-right-style: solid !important;border-top-color: #218ece !important;border-top-style: solid !important;border-bottom-color: #218ece !important;border-bottom-style: solid !important;}\u00a0\u00bb][vc_column_text css=\u00a0\u00bb.vc_custom_1643726098007{margin-top: 84px !important;margin-bottom: 84px !important;background-color: rgba(255,255,255,0.7) !important;*background-color: rgb(255,255,255) !important;}\u00a0\u00bb]<\/p>\n<h4 style=\"text-align: center; font-size: 3vw; border-bottom: 1px solid; border-top: 1px solid;\"><a href=\"http:\/\/www.ajp.be\/telechargements\/rap-activites\/2016.pdf\">2016<\/a><\/h4>\n<p>[\/vc_column_text][\/vc_column][vc_column width=\u00a0\u00bb1\/6&Prime; css=\u00a0\u00bb.vc_custom_1643727878948{border-top-width: 4px !important;border-right-width: 4px !important;border-bottom-width: 4px !important;border-left-width: 4px !important;background-image: url(http:\/\/ag.ajp.be\/wp-content\/uploads\/2022\/02\/1881-scaled.jpg?id=74) !important;background-position: center !important;background-repeat: no-repeat !important;background-size: cover !important;border-left-color: #218ece !important;border-left-style: solid !important;border-right-color: #218ece !important;border-right-style: solid !important;border-top-color: #218ece !important;border-top-style: solid !important;border-bottom-color: #218ece !important;border-bottom-style: solid !important;}\u00a0\u00bb][vc_column_text css=\u00a0\u00bb.vc_custom_1643726122724{margin-top: 84px !important;margin-bottom: 84px !important;background-color: rgba(255,255,255,0.7) !important;*background-color: rgb(255,255,255) !important;}\u00a0\u00bb]<\/p>\n<h4 style=\"text-align: center; font-size: 3vw; border-bottom: 1px solid; border-top: 1px solid;\"><a href=\"http:\/\/www.ajp.be\/telechargements\/rap-activites\/2015.pdf\">2015<\/a><\/h4>\n<p>[\/vc_column_text][\/vc_column][\/vc_row][vc_row gap=\u00a0\u00bb10&Prime; css=\u00a0\u00bb.vc_custom_1643726682061{margin-top: 10px !important;margin-bottom: 100px !important;}\u00a0\u00bb][vc_column width=\u00a0\u00bb1\/6&Prime;][\/vc_column][vc_column width=\u00a0\u00bb1\/6&Prime; css=\u00a0\u00bb.vc_custom_1643727854417{border-top-width: 4px !important;border-right-width: 4px !important;border-bottom-width: 4px !important;border-left-width: 4px !important;background-image: url(http:\/\/ag.ajp.be\/wp-content\/uploads\/2022\/02\/2352-scaled.jpg?id=72) !important;background-position: center !important;background-repeat: no-repeat !important;background-size: cover !important;border-left-color: #218ece !important;border-left-style: solid !important;border-right-color: #218ece !important;border-right-style: solid !important;border-top-color: #218ece !important;border-top-style: solid !important;border-bottom-color: #218ece !important;border-bottom-style: solid !important;}\u00a0\u00bb][vc_column_text css=\u00a0\u00bb.vc_custom_1645102294931{margin-top: 84px !important;margin-bottom: 84px !important;background-color: rgba(255,255,255,0.7) !important;*background-color: rgb(255,255,255) !important;}\u00a0\u00bb]<\/p>\n<h4 style=\"text-align: center; font-size: 3vw; border-bottom: 1px solid; border-top: 1px solid;\"><a href=\"http:\/\/www.ajp.be\/telechargements\/rap-activites\/2014.pdf\">2014<\/a><\/h4>\n<p>[\/vc_column_text][\/vc_column][vc_column width=\u00a0\u00bb1\/6&Prime;][\/vc_column][\/vc_row]<\/p>\n","protected":false},"excerpt":{"rendered":"<p>[vc_row full_width=\u00a0\u00bbstretch_row_content_no_spaces\u00a0\u00bb bg_type=\u00a0\u00bbimage\u00a0\u00bb parallax_style=\u00a0\u00bbvcpb-default\u00a0\u00bb bg_image_new=\u00a0\u00bbid^8|url^http:\/\/localhost\/ajp_sites\/ajpbe\/wp-content\/uploads\/2021\/12\/Exclusive-public-interview-of-man-talking-to-microphone-1-scaled.jpg|caption^Exclusive public interview of man talking to microphone. Hands of reporters holding mics, recording opinion or comments flat vector illustration. television, mass media interview, journalism concept|alt^null|title^Exclusive public interview of man talking to microphone|description^null\u00a0\u00bb bg_image_repeat=\u00a0\u00bbno-repeat\u00a0\u00bb bg_image_posiiton=\u00a0\u00bb-5%\u00a0\u00bb css=\u00a0\u00bb.vc_custom_1642543034121{border-bottom-width: 3px !important;background: #00bdf4 url(http:\/\/ag.ajp.be\/wp-content\/uploads\/2022\/01\/4391544ac7c043aaaaeb.jpg?id=26) !important;background-position: center !important;background-repeat: no-repeat !important;background-size: contain !important;border-bottom-color: #1e73be !important;border-bottom-style: solid !important;}\u00a0\u00bb][vc_column&hellip;<\/p>\n","protected":false},"author":1,"featured_media":11,"parent":0,"menu_order":0,"comment_status":"closed","ping_status":"closed","template":"","meta":[],"_links":{"self":[{"href":"https:\/\/ag.ajp.be\/index.php\/wp-json\/wp\/v2\/pages\/7"}],"collection":[{"href":"https:\/\/ag.ajp.be\/index.php\/wp-json\/wp\/v2\/pages"}],"about":[{"href":"https:\/\/ag.ajp.be\/index.php\/wp-json\/wp\/v2\/types\/page"}],"author":[{"embeddable":true,"href":"https:\/\/ag.ajp.be\/index.php\/wp-json\/wp\/v2\/users\/1"}],"replies":[{"embeddable":true,"href":"https:\/\/ag.ajp.be\/index.php\/wp-json\/wp\/v2\/comments?post=7"}],"version-history":[{"count":22,"href":"https:\/\/ag.ajp.be\/index.php\/wp-json\/wp\/v2\/pages\/7\/revisions"}],"predecessor-version":[{"id":270,"href":"https:\/\/ag.ajp.be\/index.php\/wp-json\/wp\/v2\/pages\/7\/revisions\/270"}],"wp:featuredmedia":[{"embeddable":true,"href":"https:\/\/ag.ajp.be\/index.php\/wp-json\/wp\/v2\/media\/11"}],"wp:attachment":[{"href":"https:\/\/ag.ajp.be\/index.php\/wp-json\/wp\/v2\/media?parent=7"}],"curies":[{"name":"wp","href":"https:\/\/api.w.org\/{rel}","templated":true}]}}